{"id":285,"date":"2023-06-20T10:03:35","date_gmt":"2023-06-20T10:03:35","guid":{"rendered":"https:\/\/www.leelooboutiquehotel.com\/leeloo-boutique-hotel-official-website\/"},"modified":"2024-03-28T13:50:35","modified_gmt":"2024-03-28T13:50:35","slug":"leeloo-boutique-hotel-official-website","status":"publish","type":"page","link":"https:\/\/www.leelooboutiquehotel.com\/es\/","title":{"rendered":"Leeloo Boutique Hotel Las Terrenas &#8211; Official Website"},"content":{"rendered":"<div class=\"slider-wrapper relative\" id=\"slider-2052768091\" >\n    <div class=\"slider slider-type-fade slider-nav-circle slider-nav-large slider-nav-light slider-style-normal\"\n        data-flickity-options='{\n            \"cellAlign\": \"center\",\n            \"imagesLoaded\": true,\n            \"lazyLoad\": 1,\n            \"freeScroll\": false,\n            \"wrapAround\": true,\n            \"autoPlay\": 6000,\n            \"pauseAutoPlayOnHover\" : true,\n            \"prevNextButtons\": true,\n            \"contain\" : true,\n            \"adaptiveHeight\" : true,\n            \"dragThreshold\" : 10,\n            \"percentPosition\": true,\n            \"pageDots\": true,\n            \"rightToLeft\": false,\n            \"draggable\": true,\n            \"selectedAttraction\": 0.1,\n            \"parallax\" : 0,\n            \"friction\": 0.6        }'\n        >\n        \n\n  <div class=\"banner has-hover is-full-height\" id=\"banner-1358902858\">\n          <div class=\"banner-inner fill\">\n        <div class=\"banner-bg fill\" >\n            <div class=\"bg fill bg-fill \"><\/div>\n                                    \n                    <\/div>\n\t\t\n        <div class=\"banner-layers container\">\n            <div class=\"fill banner-link\"><\/div>            \n   <div id=\"text-box-287423656\" class=\"text-box banner-layer x50 md-x50 lg-x50 y50 md-y50 lg-y50 res-text\">\n              <div data-parallax=\"-1\" data-parallax-fade=\"true\">       <div data-animate=\"bounceIn\">           <div class=\"text-box-content text dark text-shadow-5\">\n              \n              <div class=\"text-inner text-center\">\n                  \n<h2 class=\"uppercase\"><span class=\"leeloo\"><span style=\"font-size: 200%;\" data-line-height=\"xs\" font-weight: \"200!important;\">Leeloo<\/span><br \/><span style=\"font-size: 75%;\" data-line-height=\"xs\" font-weight: \"100!important;\">Boutique Hotel<\/span><\/span><\/h2>\n              <\/div>\n           <\/div>\n       <\/div>       <\/div>              \n<style>\n#text-box-287423656 {\n  margin: 37px 0px 0px 0px;\n  width: 80%;\n}\n#text-box-287423656 .text-box-content {\n  font-size: 100%;\n}\n@media (min-width:550px) {\n  #text-box-287423656 {\n    width: 52%;\n  }\n}\n<\/style>\n    <\/div>\n \n        <\/div>\n      <\/div>\n\n            \n<style>\n#banner-1358902858 {\n  padding-top: 100%;\n}\n#banner-1358902858 .bg.bg-loaded {\n  background-image: url(https:\/\/www.leelooboutiquehotel.com\/wp-content\/uploads\/2023\/07\/IMG_3815-1536x2048.jpg);\n}\n#banner-1358902858 .bg {\n  background-position: 48% 39%;\n}\n<\/style>\n  <\/div>\n\n\n\n  <div class=\"banner has-hover is-full-height\" id=\"banner-1791400677\">\n          <div class=\"banner-inner fill\">\n        <div class=\"banner-bg fill\" >\n            <div class=\"bg fill bg-fill \"><\/div>\n                                    \n                    <\/div>\n\t\t\n        <div class=\"banner-layers container\">\n            <div class=\"fill banner-link\"><\/div>            \n        <\/div>\n      <\/div>\n\n            \n<style>\n#banner-1791400677 {\n  padding-top: 100%;\n}\n#banner-1791400677 .bg.bg-loaded {\n  background-image: url(https:\/\/www.leelooboutiquehotel.com\/wp-content\/uploads\/2024\/02\/Leeloo-boutique-hotel-zz5.jpg);\n}\n#banner-1791400677 .bg {\n  background-position: 48% 39%;\n}\n<\/style>\n  <\/div>\n\n\n\n  <div class=\"banner has-hover is-full-height\" id=\"banner-548604201\">\n          <div class=\"banner-inner fill\">\n        <div class=\"banner-bg fill\" >\n            <div class=\"bg fill bg-fill \"><\/div>\n                                    \n                    <\/div>\n\t\t\n        <div class=\"banner-layers container\">\n            <div class=\"fill banner-link\"><\/div>            \n        <\/div>\n      <\/div>\n\n            \n<style>\n#banner-548604201 {\n  padding-top: 100%;\n}\n#banner-548604201 .bg.bg-loaded {\n  background-image: url(https:\/\/www.leelooboutiquehotel.com\/wp-content\/uploads\/2024\/02\/Leeloo-boutique-hotel-zz4-1536x2048.jpg);\n}\n#banner-548604201 .bg {\n  background-position: 48% 39%;\n}\n<\/style>\n  <\/div>\n\n\n\n  <div class=\"banner has-hover is-full-height\" id=\"banner-683224466\">\n          <div class=\"banner-inner fill\">\n        <div class=\"banner-bg fill\" >\n            <div class=\"bg fill bg-fill \"><\/div>\n                                    \n                    <\/div>\n\t\t\n        <div class=\"banner-layers container\">\n            <div class=\"fill banner-link\"><\/div>            \n   <div id=\"text-box-2121018844\" class=\"text-box banner-layer x50 md-x50 lg-x50 y50 md-y50 lg-y50 res-text\">\n              <div data-parallax=\"-1\" data-parallax-fade=\"true\">       <div data-animate=\"fadeInUp\">           <div class=\"text-box-content text dark text-shadow-5\">\n              \n              <div class=\"text-inner text-center\">\n                  \n<h2 class=\"uppercase\"><span class=\"leeloo\"><span style=\"font-size: 137%;\" data-line-height=\"xs\" font-weight: \"150!important; text-align: center;\">Un Paraiso Escondido<\/span><\/span><\/h2>\n              <\/div>\n           <\/div>\n       <\/div>       <\/div>              \n<style>\n#text-box-2121018844 {\n  margin: 37px 0px 0px 0px;\n  width: 80%;\n}\n#text-box-2121018844 .text-box-content {\n  font-size: 100%;\n}\n@media (min-width:550px) {\n  #text-box-2121018844 {\n    width: 52%;\n  }\n}\n<\/style>\n    <\/div>\n \n        <\/div>\n      <\/div>\n\n            \n<style>\n#banner-683224466 {\n  padding-top: 100%;\n}\n#banner-683224466 .bg.bg-loaded {\n  background-image: url(https:\/\/www.leelooboutiquehotel.com\/wp-content\/uploads\/2024\/02\/Leeloo-boutique-hotel-zz3-1536x2048.jpg);\n}\n#banner-683224466 .bg {\n  background-position: 48% 55%;\n}\n<\/style>\n  <\/div>\n\n\n\n  <div class=\"banner has-hover is-full-height\" id=\"banner-1545612271\">\n          <div class=\"banner-inner fill\">\n        <div class=\"banner-bg fill\" >\n            <div class=\"bg fill bg-fill \"><\/div>\n                                    \n                    <\/div>\n\t\t\n        <div class=\"banner-layers container\">\n            <div class=\"fill banner-link\"><\/div>            \n        <\/div>\n      <\/div>\n\n            \n<style>\n#banner-1545612271 {\n  padding-top: 100%;\n}\n#banner-1545612271 .bg.bg-loaded {\n  background-image: url(https:\/\/www.leelooboutiquehotel.com\/wp-content\/uploads\/2024\/02\/Leeloo-boutique-hotel-zz2-1480x2048.jpg);\n}\n#banner-1545612271 .bg {\n  background-position: 54% 76%;\n}\n<\/style>\n  <\/div>\n\n\n\n  <div class=\"banner has-hover is-full-height\" id=\"banner-1177683931\">\n          <div class=\"banner-inner fill\">\n        <div class=\"banner-bg fill\" >\n            <div class=\"bg fill bg-fill \"><\/div>\n                                    \n                    <\/div>\n\t\t\n        <div class=\"banner-layers container\">\n            <div class=\"fill banner-link\"><\/div>            \n        <\/div>\n      <\/div>\n\n            \n<style>\n#banner-1177683931 {\n  padding-top: 100%;\n}\n#banner-1177683931 .bg.bg-loaded {\n  background-image: url(https:\/\/www.leelooboutiquehotel.com\/wp-content\/uploads\/2024\/02\/Leeloo-boutique-hotel-zz1-1536x2048.jpg);\n}\n#banner-1177683931 .bg {\n  background-position: 55% 57%;\n}\n<\/style>\n  <\/div>\n\n\n     <\/div>\n\n     <div class=\"loading-spin dark large centered\"><\/div>\n\n\t<\/div>\n\n\n<div class=\"row row-collapse row-full-width align-middle align-center\"  id=\"row-719237038\">\n\n\t<div id=\"col-1375823137\" class=\"col small-12 large-12\"  >\n\t\t\t\t<div class=\"col-inner dark\"  >\n\t\t\t\n\t\t\t\n<h1 align=\"center\">LEELOO BOUTIQUE HOTEL<\/h1>\r\n<div align=\"center\">Situado a 400 metros de una de las playas m\u00e1s hermosas de Las Terrenas y cerca de las atracciones y actividades del pueblo, Leeloo Boutique Hotel se inscribe en la tendencia de los ecolodges con encanto, ofreciendo un entorno relajante que invita al descanso.<br \/>Enclavados en medio de un jard\u00edn tropical, sus bungalows exquisitamente decorados ofrecen todas las comodidades necesarias para una estancia excepcional.<br \/>\r\nPara preservar la tranquilidad del lugar, nuestro hotel s\u00f3lo est\u00e1 abierto a hu\u00e9spedes mayores de 16 a\u00f1os.\r\nNo se admiten animales de compa\u00f1\u00eda.<\/div>\n\t\t<\/div>\n\t\t\t\t\t<\/div>\n\n\t\n\n<style>\n#row-719237038 > .col > .col-inner {\n  padding: 7px 17px 7px 17px;\n  background-color: rgb(27, 178, 160);\n}\n<\/style>\n<\/div>\n<div class=\"row row-collapse row-full-width hide-for-small\"  id=\"row-575474044\">\n\n\t<div id=\"col-685210155\" class=\"col medium-2 small-12 large-2\"  >\n\t\t\t\t<div class=\"col-inner\"  >\n\t\t\t\n\t\t\t\n\n  <div class=\"banner has-hover bg-zoom-fade\" id=\"banner-564772611\">\n          <div class=\"banner-inner fill\">\n        <div class=\"banner-bg fill\" >\n            <div class=\"bg fill bg-fill \"><\/div>\n                        <div class=\"overlay\"><\/div>            \n                    <\/div>\n\t\t\n        <div class=\"banner-layers container\">\n            <div class=\"fill banner-link\"><\/div>            \n   <div id=\"text-box-612073109\" class=\"text-box banner-layer x50 md-x50 lg-x50 y50 md-y50 lg-y50 res-text\">\n                                <div class=\"text-box-content text dark\">\n              \n              <div class=\"text-inner text-center\">\n                  \n<p><img loading=\"lazy\" decoding=\"async\" width=\"64\" height=\"64\" src=\"https:\/\/www.leelooboutiquehotel.com\/wp-content\/uploads\/2023\/06\/bungalow.png\" alt=\"bungalows\"\/><\/p>\n<h3>5 BUNGALOWS<\/h3>\n              <\/div>\n           <\/div>\n                            \n<style>\n#text-box-612073109 {\n  width: 75%;\n}\n#text-box-612073109 .text-box-content {\n  font-size: 100%;\n}\n<\/style>\n    <\/div>\n \n        <\/div>\n      <\/div>\n\n            \n<style>\n#banner-564772611 {\n  padding-top: 150px;\n}\n#banner-564772611 .bg.bg-loaded {\n  background-image: 7341;\n}\n#banner-564772611 .overlay {\n  background-color: rgba(0, 0, 0, 0.12);\n}\n#banner-564772611 .bg {\n  background-position: 42% 18%;\n}\n<\/style>\n  <\/div>\n\n\n\t\t<\/div>\n\t\t\t\t\t<\/div>\n\n\t\n\n\t<div id=\"col-57485506\" class=\"col medium-2 small-12 large-2\"  >\n\t\t\t\t<div class=\"col-inner\"  >\n\t\t\t\n\t\t\t\n\n  <div class=\"banner has-hover bg-zoom-fade\" id=\"banner-1463819480\">\n          <div class=\"banner-inner fill\">\n        <div class=\"banner-bg fill\" >\n            <div class=\"bg fill bg-fill \"><\/div>\n                        <div class=\"overlay\"><\/div>            \n                    <\/div>\n\t\t\n        <div class=\"banner-layers container\">\n            <div class=\"fill banner-link\"><\/div>            \n   <div id=\"text-box-1348357823\" class=\"text-box banner-layer x50 md-x50 lg-x50 y50 md-y50 lg-y50 res-text\">\n                                <div class=\"text-box-content text dark\">\n              \n              <div class=\"text-inner text-center\">\n                  \n<p><img loading=\"lazy\" decoding=\"async\" width=\"64\" height=\"64\" src=\"https:\/\/www.leelooboutiquehotel.com\/wp-content\/uploads\/2023\/06\/living-room.png\" alt=\"rafined-decoration\"\/><\/p>\n<h3>DECORACI\u00d3N REFINADA<\/h3>\n              <\/div>\n           <\/div>\n                            \n<style>\n#text-box-1348357823 {\n  width: 75%;\n}\n#text-box-1348357823 .text-box-content {\n  font-size: 100%;\n}\n<\/style>\n    <\/div>\n \n        <\/div>\n      <\/div>\n\n            \n<style>\n#banner-1463819480 {\n  padding-top: 150px;\n}\n#banner-1463819480 .bg.bg-loaded {\n  background-image: 7341;\n}\n#banner-1463819480 .overlay {\n  background-color: rgba(0, 0, 0, 0.12);\n}\n#banner-1463819480 .bg {\n  background-position: 42% 18%;\n}\n<\/style>\n  <\/div>\n\n\n\t\t<\/div>\n\t\t\t\t\t<\/div>\n\n\t\n\n\t<div id=\"col-394735134\" class=\"col medium-2 small-12 large-2\"  >\n\t\t\t\t<div class=\"col-inner\"  >\n\t\t\t\n\t\t\t\n\n  <div class=\"banner has-hover bg-zoom-fade\" id=\"banner-853794399\">\n          <div class=\"banner-inner fill\">\n        <div class=\"banner-bg fill\" >\n            <div class=\"bg fill bg-fill \"><\/div>\n                        <div class=\"overlay\"><\/div>            \n                    <\/div>\n\t\t\n        <div class=\"banner-layers container\">\n            <div class=\"fill banner-link\"><\/div>            \n   <div id=\"text-box-361348454\" class=\"text-box banner-layer x50 md-x50 lg-x50 y50 md-y50 lg-y50 res-text\">\n                                <div class=\"text-box-content text dark\">\n              \n              <div class=\"text-inner text-center\">\n                  \n<p><img loading=\"lazy\" decoding=\"async\" width=\"64\" height=\"64\" src=\"https:\/\/www.leelooboutiquehotel.com\/wp-content\/uploads\/2023\/06\/swimming-pool.png\" alt=\"external-Pool-gym\"\/><\/p>\n<h3>PISCINA DE SAL<\/h3>\n              <\/div>\n           <\/div>\n                            \n<style>\n#text-box-361348454 {\n  width: 75%;\n}\n#text-box-361348454 .text-box-content {\n  font-size: 100%;\n}\n<\/style>\n    <\/div>\n \n        <\/div>\n      <\/div>\n\n            \n<style>\n#banner-853794399 {\n  padding-top: 150px;\n}\n#banner-853794399 .bg.bg-loaded {\n  background-image: 7341;\n}\n#banner-853794399 .overlay {\n  background-color: rgba(0, 0, 0, 0.12);\n}\n#banner-853794399 .bg {\n  background-position: 42% 18%;\n}\n<\/style>\n  <\/div>\n\n\n\t\t<\/div>\n\t\t\t\t\t<\/div>\n\n\t\n\n\t<div id=\"col-179980636\" class=\"col medium-2 small-12 large-2\"  >\n\t\t\t\t<div class=\"col-inner\"  >\n\t\t\t\n\t\t\t\n\n  <div class=\"banner has-hover bg-zoom-fade\" id=\"banner-1311708819\">\n          <div class=\"banner-inner fill\">\n        <div class=\"banner-bg fill\" >\n            <div class=\"bg fill bg-fill \"><\/div>\n                        <div class=\"overlay\"><\/div>            \n                    <\/div>\n\t\t\n        <div class=\"banner-layers container\">\n            <div class=\"fill banner-link\"><\/div>            \n   <div id=\"text-box-1141580317\" class=\"text-box banner-layer x50 md-x50 lg-x50 y50 md-y50 lg-y50 res-text\">\n                                <div class=\"text-box-content text dark\">\n              \n              <div class=\"text-inner text-center\">\n                  \n<p><img loading=\"lazy\" decoding=\"async\" width=\"64\" height=\"64\" src=\"https:\/\/www.leelooboutiquehotel.com\/wp-content\/uploads\/2023\/06\/landscape.png\" alt=\"garden\"\/><\/p>\n<h3>JARDIN<\/h3>\n              <\/div>\n           <\/div>\n                            \n<style>\n#text-box-1141580317 {\n  width: 75%;\n}\n#text-box-1141580317 .text-box-content {\n  font-size: 100%;\n}\n<\/style>\n    <\/div>\n \n        <\/div>\n      <\/div>\n\n            \n<style>\n#banner-1311708819 {\n  padding-top: 150px;\n}\n#banner-1311708819 .bg.bg-loaded {\n  background-image: 7341;\n}\n#banner-1311708819 .overlay {\n  background-color: rgba(0, 0, 0, 0.12);\n}\n#banner-1311708819 .bg {\n  background-position: 42% 18%;\n}\n<\/style>\n  <\/div>\n\n\n\t\t<\/div>\n\t\t\t\t\t<\/div>\n\n\t\n\n\t<div id=\"col-1158269235\" class=\"col medium-2 small-12 large-2\"  >\n\t\t\t\t<div class=\"col-inner\"  >\n\t\t\t\n\t\t\t\n\n  <div class=\"banner has-hover bg-zoom-fade\" id=\"banner-1381855194\">\n          <div class=\"banner-inner fill\">\n        <div class=\"banner-bg fill\" >\n            <div class=\"bg fill bg-fill \"><\/div>\n                        <div class=\"overlay\"><\/div>            \n                    <\/div>\n\t\t\n        <div class=\"banner-layers container\">\n            <div class=\"fill banner-link\"><\/div>            \n   <div id=\"text-box-483199554\" class=\"text-box banner-layer x50 md-x50 lg-x50 y50 md-y50 lg-y50 res-text\">\n                                <div class=\"text-box-content text dark\">\n              \n              <div class=\"text-inner text-center\">\n                  \n<p><img loading=\"lazy\" decoding=\"async\" width=\"64\" height=\"64\" src=\"https:\/\/www.leelooboutiquehotel.com\/wp-content\/uploads\/2023\/06\/parking-area.png\" alt=\"parking\"\/><\/p>\n<h3>PARQUEO<\/h3>\n              <\/div>\n           <\/div>\n                            \n<style>\n#text-box-483199554 {\n  width: 75%;\n}\n#text-box-483199554 .text-box-content {\n  font-size: 100%;\n}\n<\/style>\n    <\/div>\n \n        <\/div>\n      <\/div>\n\n            \n<style>\n#banner-1381855194 {\n  padding-top: 150px;\n}\n#banner-1381855194 .bg.bg-loaded {\n  background-image: 7341;\n}\n#banner-1381855194 .overlay {\n  background-color: rgba(0, 0, 0, 0.12);\n}\n#banner-1381855194 .bg {\n  background-position: 42% 18%;\n}\n<\/style>\n  <\/div>\n\n\n\t\t<\/div>\n\t\t\t\t\t<\/div>\n\n\t\n\n\t<div id=\"col-827468166\" class=\"col medium-2 small-12 large-2\"  >\n\t\t\t\t<div class=\"col-inner\"  >\n\t\t\t\n\t\t\t\n\n  <div class=\"banner has-hover bg-zoom-fade\" id=\"banner-868945805\">\n          <div class=\"banner-inner fill\">\n        <div class=\"banner-bg fill\" >\n            <div class=\"bg fill bg-fill \"><\/div>\n                        <div class=\"overlay\"><\/div>            \n                    <\/div>\n\t\t\n        <div class=\"banner-layers container\">\n            <div class=\"fill banner-link\"><\/div>            \n   <div id=\"text-box-327939975\" class=\"text-box banner-layer x50 md-x50 lg-x50 y50 md-y50 lg-y50 res-text\">\n                                <div class=\"text-box-content text dark\">\n              \n              <div class=\"text-inner text-center\">\n                  \n<p><img loading=\"lazy\" decoding=\"async\" width=\"64\" height=\"64\" src=\"https:\/\/www.leelooboutiquehotel.com\/wp-content\/uploads\/2023\/08\/16-only.png\" alt=\"16+ only\"\/><\/p>\n<h3>16+ SOLO<\/h3>\n              <\/div>\n           <\/div>\n                            \n<style>\n#text-box-327939975 {\n  width: 75%;\n}\n#text-box-327939975 .text-box-content {\n  font-size: 100%;\n}\n<\/style>\n    <\/div>\n \n        <\/div>\n      <\/div>\n\n            \n<style>\n#banner-868945805 {\n  padding-top: 150px;\n}\n#banner-868945805 .bg.bg-loaded {\n  background-image: 7341;\n}\n#banner-868945805 .overlay {\n  background-color: rgba(0, 0, 0, 0.12);\n}\n#banner-868945805 .bg {\n  background-position: 42% 18%;\n}\n<\/style>\n  <\/div>\n\n\n\t\t<\/div>\n\t\t\t\t\t<\/div>\n\n\t\n<\/div>\n\t<section class=\"section dark show-for-small\" id=\"section_1980381858\">\n\t\t<div class=\"bg section-bg fill bg-fill  bg-loaded\" >\n\n\t\t\t\n\t\t\t\n\t\t\t\n\n\t\t<\/div>\n\n\t\t\n\n\t\t<div class=\"section-content relative\">\n\t\t\t\n<div class=\"row row-collapse row-full-width align-middle align-center\"  id=\"row-1407873710\">\n<div class=\"iconmobil\">\n\n<table id=\"tablepress-7\" class=\"tablepress tablepress-id-7\">\n<tbody>\n<tr class=\"row-1\">\n\t<td class=\"column-1\"><p align=\"center\"><img loading=\"lazy\" decoding=\"async\" width=\"64\" height=\"64\" src=\"https:\/\/www.leelooboutiquehotel.com\/wp-content\/uploads\/2023\/06\/bungalow.png\" alt=\"bungalows\"\/><\/p><br \/>\n<h3 align=\"center\">5 BUNGALOWS<\/h3><\/td><td class=\"column-2\"><p align=\"center\"><img loading=\"lazy\" decoding=\"async\" width=\"64\" height=\"64\" src=\"https:\/\/www.leelooboutiquehotel.com\/wp-content\/uploads\/2023\/06\/living-room.png\" alt=\"rafined-decoration\" \/><\/p><br \/>\n<h3 align=\"center\">DECORACI\u00d3N REFINADA<\/h3><\/td>\n<\/tr>\n<tr class=\"row-2\">\n\t<td class=\"column-1\"><p align=\"center\"><img loading=\"lazy\" decoding=\"async\" width=\"64\" height=\"64\" src=\"https:\/\/www.leelooboutiquehotel.com\/wp-content\/uploads\/2023\/06\/swimming-pool.png\" alt=\"external-Pool-gym\"\/><\/p><br \/>\n<h3 align=\"center\">PISCINA DE SAL<\/h3><\/td><td class=\"column-2\"><p align=\"center\"><img loading=\"lazy\" decoding=\"async\" width=\"64\" height=\"64\" src=\"https:\/\/www.leelooboutiquehotel.com\/wp-content\/uploads\/2023\/06\/landscape.png\" alt=\"garden\"\/><\/p><br \/>\n<h3 align=\"center\">JARDIN<\/h3><\/td>\n<\/tr>\n<tr class=\"row-3\">\n\t<td class=\"column-1\"><p align=\"center\"><img loading=\"lazy\" decoding=\"async\" width=\"64\" height=\"64\" src=\"https:\/\/www.leelooboutiquehotel.com\/wp-content\/uploads\/2023\/06\/parking-area.png\" alt=\"parking\"\/><\/p><br \/>\n<h3 align=\"center\">PARQUEO<\/h3><\/td><td class=\"column-2\"><p align=\"center\"><img loading=\"lazy\" decoding=\"async\" width=\"64\" height=\"64\" src=\"https:\/\/www.leelooboutiquehotel.com\/wp-content\/uploads\/2023\/06\/16-only.png\" alt=\"16+ only\"\/><\/p><br \/>\n<h3 align=\"center\">16+ SOLO<\/h3><\/td>\n<\/tr>\n<\/tbody>\n<\/table>\n<!-- #tablepress-7 from cache -->\n<\/div>\n\n<style>\n#row-1407873710 > .col > .col-inner {\n  padding: 17px 0px 0px 0px;\n  background-color: rgb(68, 96, 132);\n}\n<\/style>\n<\/div>\n\t\t<\/div>\n\n\t\t\n<style>\n#section_1980381858 {\n  padding-top: 0px;\n  padding-bottom: 0px;\n}\n<\/style>\n\t<\/section>\n\t\n\n  <div class=\"banner has-hover\" id=\"banner-1946832285\">\n          <div class=\"banner-inner fill\">\n        <div class=\"banner-bg fill\" >\n            <div class=\"bg fill bg-fill \"><\/div>\n                        <div class=\"overlay\"><\/div>            \n                    <\/div>\n\t\t\n        <div class=\"banner-layers container\">\n            <div class=\"fill banner-link\"><\/div>            \n   <div id=\"text-box-1747362578\" class=\"text-box banner-layer x95 md-x95 lg-x95 y95 md-y95 lg-y95 res-text\">\n              <div data-parallax=\"-3\" data-parallax-fade=\"true\">                  <div class=\"text-box-content text \">\n              \n              <div class=\"text-inner text-center\">\n                  \n<p>\n\t<div id=\"text-1493429455\" class=\"text hide-for-medium\">\n\t\t\r\n\r\n<h2 class=\"uppercase\"><strong>BUNGALOWS<\/strong><\/h2>\r\n<p>Rel\u00e1jese en uno de nuestros cinco bungalows bellamente decorados.<\/p>\r\n\t\t\t<\/div>\n\t\r\n\t<div id=\"text-1393126247\" class=\"text show-for-small\">\n\t\t\r\n\r\n<p><span class=\"uppercase\" style=\"font-size: 200%;\" font-weight: \"200!important;\"><strong>BUNGALOWS<\/strong><\/span><\/p>\r\n<p>Rel\u00e1jese en uno de nuestros cinco bungalows bellamente decorados.<\/p>\r\n\r\n\t\t\t<\/div>\n\t\n<a href=\"https:\/\/www.leelooboutiquehotel.com\/es\/rooms-of-leeloo-boutique-hotel\/\" class=\"button primary\"  >\n    <span>Descubrir<\/span>\n  <\/a>\n\n              <\/div>\n           <\/div>\n              <\/div>              \n<style>\n#text-box-1747362578 .text-box-content {\n  background-color: rgb(255, 255, 255, 0.73);\n  font-size: 100%;\n}\n#text-box-1747362578 .text-inner {\n  padding: 10px 10px 10px 10px;\n}\n#text-box-1747362578 {\n  width: 60%;\n}\n@media (min-width:550px) {\n  #text-box-1747362578 {\n    width: 40%;\n  }\n}\n<\/style>\n    <\/div>\n \n        <\/div>\n      <\/div>\n\n            \n<style>\n#banner-1946832285 {\n  padding-top: 500px;\n}\n#banner-1946832285 .bg.bg-loaded {\n  background-image: url(https:\/\/www.leelooboutiquehotel.com\/wp-content\/uploads\/2023\/07\/IMG_4965-scaled.jpg);\n}\n#banner-1946832285 .overlay {\n  background-color: rgba(0, 0, 0, 0.2);\n}\n#banner-1946832285 .bg {\n  background-position: 84% 42%;\n}\n<\/style>\n  <\/div>\n\n\n<div class=\"row row-collapse row-full-width align-middle align-center\"  id=\"row-1219592705\">\n\n\t<div id=\"col-1484887466\" class=\"col small-12 large-12\"  >\n\t\t\t\t<div class=\"col-inner dark\" style=\"background-color:rgb(27, 178, 160);\" >\n\t\t\t\n\t\t\t\n<h3 align=\"center\">Un interludio de encanto y dulzura<\/h3>\n\t\t<\/div>\n\t\t\t\t\t<\/div>\n\n\t\n\n<style>\n#row-1219592705 > .col > .col-inner {\n  padding: 7px 17px 7px 17px;\n  background-color: rgb(229, 252, 255);\n}\n<\/style>\n<\/div>\n\n  <div class=\"banner has-hover\" id=\"banner-1563734890\">\n          <div class=\"banner-inner fill\">\n        <div class=\"banner-bg fill\" >\n            <div class=\"bg fill bg-fill \"><\/div>\n                        <div class=\"overlay\"><\/div>            \n                    <\/div>\n\t\t\n        <div class=\"banner-layers container\">\n            <div class=\"fill banner-link\"><\/div>            \n   <div id=\"text-box-1886075272\" class=\"text-box banner-layer x5 md-x5 lg-x5 y95 md-y95 lg-y95 res-text\">\n              <div data-parallax=\"-3\" data-parallax-fade=\"true\">                  <div class=\"text-box-content text \">\n              \n              <div class=\"text-inner text-center\">\n                  \n<p>\n\t<div id=\"text-3569673134\" class=\"text hide-for-medium\">\n\t\t\r\n\r\n<h2 class=\"uppercase\"><strong>PISCINA & JARD\u00cdN<\/strong><\/h2>\r\n<p>Nuestra zona de piscina, rodeada de un jard\u00edn tropical, le invita a relajarse.<\/p>\r\n\t\t\t<\/div>\n\t\r\n\t<div id=\"text-1989090043\" class=\"text show-for-small\">\n\t\t\r\n\r\n<p><span class=\"uppercase\" style=\"font-size: 200%;\" font-weight: \"200!important;\"><strong>PISCINA & JARD\u00cdN<\/strong><\/span><\/p>\r\n<p>Nuestra zona de piscina, rodeada de un jard\u00edn tropical, le invita a relajarse.<\/p>\r\n\r\n\t\t\t<\/div>\n\t\n<a class=\"button primary\"  >\n    <span>Descubrir<\/span>\n  <\/a>\n\n              <\/div>\n           <\/div>\n              <\/div>              \n<style>\n#text-box-1886075272 .text-box-content {\n  background-color: rgb(255, 255, 255, 0.73);\n  font-size: 100%;\n}\n#text-box-1886075272 .text-inner {\n  padding: 10px 10px 10px 10px;\n}\n#text-box-1886075272 {\n  width: 60%;\n}\n@media (min-width:550px) {\n  #text-box-1886075272 {\n    width: 40%;\n  }\n}\n<\/style>\n    <\/div>\n \n        <\/div>\n      <\/div>\n\n            \n<style>\n#banner-1563734890 {\n  padding-top: 500px;\n  background-color: rgb(255, 255, 255);\n}\n#banner-1563734890 .bg.bg-loaded {\n  background-image: url(https:\/\/www.leelooboutiquehotel.com\/wp-content\/uploads\/2023\/08\/leeloo-boutique-hotel-12-1024x768.jpg);\n}\n#banner-1563734890 .overlay {\n  background-color: rgba(190, 190, 190, 0.2);\n}\n#banner-1563734890 .bg {\n  background-position: 66% 100%;\n}\n<\/style>\n  <\/div>\n\n\n\n","protected":false},"excerpt":{"rendered":"","protected":false},"author":1,"featured_media":0,"parent":0,"menu_order":0,"comment_status":"closed","ping_status":"open","template":"page-transparent-header-light.php","meta":{"footnotes":""},"_links":{"self":[{"href":"https:\/\/www.leelooboutiquehotel.com\/es\/wp-json\/wp\/v2\/pages\/285"}],"collection":[{"href":"https:\/\/www.leelooboutiquehotel.com\/es\/wp-json\/wp\/v2\/pages"}],"about":[{"href":"https:\/\/www.leelooboutiquehotel.com\/es\/wp-json\/wp\/v2\/types\/page"}],"author":[{"embeddable":true,"href":"https:\/\/www.leelooboutiquehotel.com\/es\/wp-json\/wp\/v2\/users\/1"}],"replies":[{"embeddable":true,"href":"https:\/\/www.leelooboutiquehotel.com\/es\/wp-json\/wp\/v2\/comments?post=285"}],"version-history":[{"count":33,"href":"https:\/\/www.leelooboutiquehotel.com\/es\/wp-json\/wp\/v2\/pages\/285\/revisions"}],"predecessor-version":[{"id":1800,"href":"https:\/\/www.leelooboutiquehotel.com\/es\/wp-json\/wp\/v2\/pages\/285\/revisions\/1800"}],"wp:attachment":[{"href":"https:\/\/www.leelooboutiquehotel.com\/es\/wp-json\/wp\/v2\/media?parent=285"}],"curies":[{"name":"wp","href":"https:\/\/api.w.org\/{rel}","templated":true}]}}